{"id":80,"date":"2025-08-15T23:28:24","date_gmt":"2025-08-15T20:28:24","guid":{"rendered":"https:\/\/yeykad.org\/en\/?page_id=80"},"modified":"2025-10-25T00:42:09","modified_gmt":"2025-10-24T21:42:09","slug":"contact","status":"publish","type":"page","link":"https:\/\/yeykad.org\/en\/contact\/","title":{"rendered":"Contact"},"content":{"rendered":"\t\t<div data-elementor-type=\"wp-page\" data-elementor-id=\"80\" class=\"elementor elementor-80\" data-elementor-post-type=\"page\">\n\t\t\t\t<div class=\"elementor-element elementor-element-68f2be0 e-con-full about e-flex e-con e-parent\" data-id=\"68f2be0\" data-element_type=\"container\">\n\t\t<div class=\"elementor-element elementor-element-dd1c2a8 e-con-full e-flex e-con e-child\" data-id=\"dd1c2a8\" data-element_type=\"container\" data-settings=\"{&quot;background_background&quot;:&quot;video&quot;,&quot;background_video_link&quot;:&quot;https:\\\/\\\/yeykad.org\\\/en\\\/wp-content\\\/uploads\\\/2025\\\/08\\\/yeykadvideo.mp4&quot;,&quot;background_play_on_mobile&quot;:&quot;yes&quot;}\">\n\t\t<div class=\"elementor-background-video-container\" aria-hidden=\"true\">\n\t\t\t\t\t\t\t<video class=\"elementor-background-video-hosted\" autoplay muted playsinline loop><\/video>\n\t\t\t\t\t<\/div>\t\t<div class=\"elementor-element elementor-element-3851391 elementor-widget elementor-widget-heading\" data-id=\"3851391\" data-element_type=\"widget\" data-widget_type=\"heading.default\">\n\t\t\t\t\t<div class=\"elementor-heading-title elementor-size-default\">YEYKAD | CONTACT<\/div>\t\t\t\t<\/div>\n\t\t\t\t<\/div>\n\t\t<div class=\"elementor-element elementor-element-af8dc69 e-con-full elementor-hidden-mobile e-flex e-con e-child\" data-id=\"af8dc69\" data-element_type=\"container\" data-settings=\"{&quot;background_background&quot;:&quot;classic&quot;}\">\n\t\t\t\t<div class=\"elementor-element elementor-element-7f08c8b elementor-widget elementor-widget-image\" data-id=\"7f08c8b\" data-element_type=\"widget\" data-widget_type=\"image.default\">\n\t\t\t\t\t\t\t\t\t\t\t\t\t\t\t<img fetchpriority=\"high\" decoding=\"async\" width=\"1024\" height=\"280\" src=\"https:\/\/yeykad.org\/en\/wp-content\/uploads\/2025\/08\/logow.svg\" class=\"attachment-large size-large wp-image-156\" alt=\"\" \/>\t\t\t\t\t\t\t\t\t\t\t\t\t\t\t<\/div>\n\t\t\t\t<\/div>\n\t\t\t\t<\/div>\n\t\t<div class=\"elementor-element elementor-element-ba60530 e-flex e-con-boxed e-con e-parent\" data-id=\"ba60530\" data-element_type=\"container\">\n\t\t\t\t\t<div class=\"e-con-inner\">\n\t\t<div class=\"elementor-element elementor-element-e6f0376 e-con-full e-flex e-con e-child\" data-id=\"e6f0376\" data-element_type=\"container\">\n\t\t\t\t<div class=\"elementor-element elementor-element-4b5c667 elementor-widget elementor-widget-heading\" data-id=\"4b5c667\" data-element_type=\"widget\" data-widget_type=\"heading.default\">\n\t\t\t\t\t<div class=\"elementor-heading-title elementor-size-default\">YEYKAD<\/div>\t\t\t\t<\/div>\n\t\t\t\t<div class=\"elementor-element elementor-element-1060bd9 elementor-invisible elementor-widget elementor-widget-heading\" data-id=\"1060bd9\" data-element_type=\"widget\" data-settings=\"{&quot;_animation&quot;:&quot;fadeInUp&quot;}\" data-widget_type=\"heading.default\">\n\t\t\t\t\t<h1 class=\"elementor-heading-title elementor-size-default\">Contact<\/h1>\t\t\t\t<\/div>\n\t\t\t\t<\/div>\n\t\t<div class=\"elementor-element elementor-element-4957971 e-con-full e-flex e-con e-child\" data-id=\"4957971\" data-element_type=\"container\">\n\t\t\t\t<div class=\"elementor-element elementor-element-c727d0b elementor-widget elementor-widget-heading\" data-id=\"c727d0b\" data-element_type=\"widget\" data-widget_type=\"heading.default\">\n\t\t\t\t\t<div class=\"elementor-heading-title elementor-size-default\">ADDRESS:<\/div>\t\t\t\t<\/div>\n\t\t\t\t<div class=\"elementor-element elementor-element-2c3f634 elementor-invisible elementor-widget elementor-widget-heading\" data-id=\"2c3f634\" data-element_type=\"widget\" data-settings=\"{&quot;_animation&quot;:&quot;fadeInUp&quot;}\" data-widget_type=\"heading.default\">\n\t\t\t\t\t<div class=\"elementor-heading-title elementor-size-default\">Green Collar Women\u2019s Association<\/div>\t\t\t\t<\/div>\n\t\t\t\t<div class=\"elementor-element elementor-element-3bb7d96 elementor-invisible elementor-widget elementor-widget-heading\" data-id=\"3bb7d96\" data-element_type=\"widget\" data-settings=\"{&quot;_animation&quot;:&quot;fadeInUp&quot;}\" data-widget_type=\"heading.default\">\n\t\t\t\t\t<div class=\"elementor-heading-title elementor-size-default\">Siyavu\u015fpa\u015fa Neighborhood, Gonca Street, No:29B, Ya\u011fmur Apartment, Bah\u00e7elievler\/ISTANBUL<\/div>\t\t\t\t<\/div>\n\t\t\t\t<\/div>\n\t\t\t\t\t<\/div>\n\t\t\t\t<\/div>\n\t\t<div class=\"elementor-element elementor-element-ba29a94 e-flex e-con-boxed e-con e-parent\" data-id=\"ba29a94\" data-element_type=\"container\">\n\t\t\t\t\t<div class=\"e-con-inner\">\n\t\t<div class=\"elementor-element elementor-element-459a1cb e-con-full e-flex e-con e-child\" data-id=\"459a1cb\" data-element_type=\"container\">\n\t\t\t\t<div class=\"elementor-element elementor-element-59fd0d2 elementor-invisible elementor-widget elementor-widget-heading\" data-id=\"59fd0d2\" data-element_type=\"widget\" data-settings=\"{&quot;_animation&quot;:&quot;fadeInUp&quot;}\" data-widget_type=\"heading.default\">\n\t\t\t\t\t<div class=\"elementor-heading-title elementor-size-default\">Contact Form<\/div>\t\t\t\t<\/div>\n\t\t\t\t<div class=\"elementor-element elementor-element-aebf0f9 elementor-invisible elementor-widget elementor-widget-heading\" data-id=\"aebf0f9\" data-element_type=\"widget\" data-settings=\"{&quot;_animation&quot;:&quot;fadeInUp&quot;}\" data-widget_type=\"heading.default\">\n\t\t\t\t\t<div class=\"elementor-heading-title elementor-size-default\">You can contact us by filling out the form.<\/div>\t\t\t\t<\/div>\n\t\t\t\t<div class=\"elementor-element elementor-element-b1ffc71 elementor-widget-divider--view-line elementor-widget elementor-widget-divider\" data-id=\"b1ffc71\" data-element_type=\"widget\" data-widget_type=\"divider.default\">\n\t\t\t\t\t\t\t<div class=\"elementor-divider\">\n\t\t\t<span class=\"elementor-divider-separator\">\n\t\t\t\t\t\t<\/span>\n\t\t<\/div>\n\t\t\t\t\t\t<\/div>\n\t\t\t\t<div class=\"elementor-element elementor-element-722505a elementor-button-align-stretch elementor-widget elementor-widget-form\" data-id=\"722505a\" data-element_type=\"widget\" data-settings=\"{&quot;button_width&quot;:&quot;100&quot;,&quot;step_type&quot;:&quot;number_text&quot;,&quot;step_icon_shape&quot;:&quot;circle&quot;}\" data-widget_type=\"form.default\">\n\t\t\t\t\t\t\t<form class=\"elementor-form\" method=\"post\" name=\"\u0130leti\u015fim Formu\" aria-label=\"\u0130leti\u015fim Formu\">\n\t\t\t<input type=\"hidden\" name=\"post_id\" value=\"80\"\/>\n\t\t\t<input type=\"hidden\" name=\"form_id\" value=\"722505a\"\/>\n\t\t\t<input type=\"hidden\" name=\"referer_title\" value=\"Contact Yeykad Yeykad\" \/>\n\n\t\t\t\t\t\t\t<input type=\"hidden\" name=\"queried_id\" value=\"80\"\/>\n\t\t\t\n\t\t\t<div class=\"elementor-form-fields-wrapper elementor-labels-above\">\n\t\t\t\t\t\t\t\t<div class=\"elementor-field-type-text elementor-field-group elementor-column elementor-field-group-name elementor-col-50 elementor-field-required\">\n\t\t\t\t\t\t\t\t\t\t\t\t<label for=\"form-field-name\" class=\"elementor-field-label\">\n\t\t\t\t\t\t\t\tYour Name and Surname\t\t\t\t\t\t\t<\/label>\n\t\t\t\t\t\t\t\t\t\t\t\t\t\t<input size=\"1\" type=\"text\" name=\"form_fields[name]\" id=\"form-field-name\" class=\"elementor-field elementor-size-lg  elementor-field-textual\" required=\"required\">\n\t\t\t\t\t\t\t\t\t\t\t<\/div>\n\t\t\t\t\t\t\t\t<div class=\"elementor-field-type-tel elementor-field-group elementor-column elementor-field-group-field_0bd391e elementor-col-50 elementor-field-required\">\n\t\t\t\t\t\t\t\t\t\t\t\t<label for=\"form-field-field_0bd391e\" class=\"elementor-field-label\">\n\t\t\t\t\t\t\t\tPhone Number\t\t\t\t\t\t\t<\/label>\n\t\t\t\t\t\t\t\t<input size=\"1\" type=\"tel\" name=\"form_fields[field_0bd391e]\" id=\"form-field-field_0bd391e\" class=\"elementor-field elementor-size-lg  elementor-field-textual\" placeholder=\"+90\" required=\"required\" pattern=\"[0-9()#&amp;+*-=.]+\" title=\"Only numbers and phone characters (#, -, *, etc) are accepted.\">\n\n\t\t\t\t\t\t<\/div>\n\t\t\t\t\t\t\t\t<div class=\"elementor-field-type-email elementor-field-group elementor-column elementor-field-group-email elementor-col-100 elementor-field-required\">\n\t\t\t\t\t\t\t\t\t\t\t\t<label for=\"form-field-email\" class=\"elementor-field-label\">\n\t\t\t\t\t\t\t\tEmail\t\t\t\t\t\t\t<\/label>\n\t\t\t\t\t\t\t\t\t\t\t\t\t\t<input size=\"1\" type=\"email\" name=\"form_fields[email]\" id=\"form-field-email\" class=\"elementor-field elementor-size-lg  elementor-field-textual\" placeholder=\"@\" required=\"required\">\n\t\t\t\t\t\t\t\t\t\t\t<\/div>\n\t\t\t\t\t\t\t\t<div class=\"elementor-field-type-text elementor-field-group elementor-column elementor-field-group-field_43b8bc1 elementor-col-50 elementor-field-required\">\n\t\t\t\t\t\t\t\t\t\t\t\t<label for=\"form-field-field_43b8bc1\" class=\"elementor-field-label\">\n\t\t\t\t\t\t\t\tOccupation\t\t\t\t\t\t\t<\/label>\n\t\t\t\t\t\t\t\t\t\t\t\t\t\t<input size=\"1\" type=\"text\" name=\"form_fields[field_43b8bc1]\" id=\"form-field-field_43b8bc1\" class=\"elementor-field elementor-size-lg  elementor-field-textual\" required=\"required\">\n\t\t\t\t\t\t\t\t\t\t\t<\/div>\n\t\t\t\t\t\t\t\t<div class=\"elementor-field-type-text elementor-field-group elementor-column elementor-field-group-field_29910ab elementor-col-50\">\n\t\t\t\t\t\t\t\t\t\t\t\t<label for=\"form-field-field_29910ab\" class=\"elementor-field-label\">\n\t\t\t\t\t\t\t\tCompany\t\t\t\t\t\t\t<\/label>\n\t\t\t\t\t\t\t\t\t\t\t\t\t\t<input size=\"1\" type=\"text\" name=\"form_fields[field_29910ab]\" id=\"form-field-field_29910ab\" class=\"elementor-field elementor-size-lg  elementor-field-textual\">\n\t\t\t\t\t\t\t\t\t\t\t<\/div>\n\t\t\t\t\t\t\t\t<div class=\"elementor-field-type-text elementor-field-group elementor-column elementor-field-group-field_78c56ff elementor-col-50 elementor-field-required\">\n\t\t\t\t\t\t\t\t\t\t\t\t<label for=\"form-field-field_78c56ff\" class=\"elementor-field-label\">\n\t\t\t\t\t\t\t\tYour Age\t\t\t\t\t\t\t<\/label>\n\t\t\t\t\t\t\t\t\t\t\t\t\t\t<input size=\"1\" type=\"text\" name=\"form_fields[field_78c56ff]\" id=\"form-field-field_78c56ff\" class=\"elementor-field elementor-size-lg  elementor-field-textual\" required=\"required\">\n\t\t\t\t\t\t\t\t\t\t\t<\/div>\n\t\t\t\t\t\t\t\t<div class=\"elementor-field-type-select elementor-field-group elementor-column elementor-field-group-field_da4a138 elementor-col-50 elementor-field-required\">\n\t\t\t\t\t\t\t\t\t\t\t\t<label for=\"form-field-field_da4a138\" class=\"elementor-field-label\">\n\t\t\t\t\t\t\t\tYour Gender\t\t\t\t\t\t\t<\/label>\n\t\t\t\t\t\t\t\t<div class=\"elementor-field elementor-select-wrapper remove-before \">\n\t\t\t<div class=\"select-caret-down-wrapper\">\n\t\t\t\t<svg aria-hidden=\"true\" class=\"e-font-icon-svg e-eicon-caret-down\" viewBox=\"0 0 571.4 571.4\" xmlns=\"http:\/\/www.w3.org\/2000\/svg\"><path d=\"M571 393Q571 407 561 418L311 668Q300 679 286 679T261 668L11 418Q0 407 0 393T11 368 36 357H536Q550 357 561 368T571 393Z\"><\/path><\/svg>\t\t\t<\/div>\n\t\t\t<select name=\"form_fields[field_da4a138]\" id=\"form-field-field_da4a138\" class=\"elementor-field-textual elementor-size-lg\" required=\"required\">\n\t\t\t\t\t\t\t\t\t<option value=\"\">Select<\/option>\n\t\t\t\t\t\t\t\t\t<option value=\"Female\">Female<\/option>\n\t\t\t\t\t\t\t\t\t<option value=\"Male\">Male<\/option>\n\t\t\t\t\t\t\t<\/select>\n\t\t<\/div>\n\t\t\t\t\t\t<\/div>\n\t\t\t\t\t\t\t\t<div class=\"elementor-field-type-textarea elementor-field-group elementor-column elementor-field-group-message elementor-col-100 elementor-field-required\">\n\t\t\t\t\t\t\t\t\t\t\t\t<label for=\"form-field-message\" class=\"elementor-field-label\">\n\t\t\t\t\t\t\t\tYour Message\t\t\t\t\t\t\t<\/label>\n\t\t\t\t\t\t<textarea class=\"elementor-field-textual elementor-field  elementor-size-lg\" name=\"form_fields[message]\" id=\"form-field-message\" rows=\"4\" required=\"required\"><\/textarea>\t\t\t\t<\/div>\n\t\t\t\t\t\t\t\t<div class=\"elementor-field-type-recaptcha elementor-field-group elementor-column elementor-field-group-field_947ccc5 elementor-col-100\">\n\t\t\t\t\t<div class=\"elementor-field\" id=\"form-field-field_947ccc5\"><div class=\"elementor-g-recaptcha\" data-sitekey=\"6LfAy7ArAAAAAHws_sHKYorbdEv9r2eH_JbyGkMu\" data-type=\"v2_checkbox\" data-theme=\"light\" data-size=\"normal\"><\/div><\/div>\t\t\t\t<\/div>\n\t\t\t\t\t\t\t\t<div class=\"elementor-field-group elementor-column elementor-field-type-submit elementor-col-100 e-form__buttons\">\n\t\t\t\t\t<button class=\"elementor-button elementor-size-lg\" type=\"submit\">\n\t\t\t\t\t\t<span class=\"elementor-button-content-wrapper\">\n\t\t\t\t\t\t\t\t\t\t\t\t\t\t\t<span class=\"elementor-button-icon\">\n\t\t\t\t\t\t\t\t\t<svg xmlns=\"http:\/\/www.w3.org\/2000\/svg\" xmlns:xlink=\"http:\/\/www.w3.org\/1999\/xlink\" width=\"57px\" height=\"57px\" viewBox=\"0 0 57 57\"><g id=\"surface1\"><path style=\" stroke:none;fill-rule:nonzero;fill:rgb(100%,100%,100%);fill-opacity:1;\" d=\"M 0 0 C 19 0 38 0 57 0 L 57 56.898438 C 55.898438 56.898438 54.699219 56.898438 53.601562 56.898438 C 53.699219 39.800781 53.601562 22.601562 53.601562 5.5 C 37.199219 22.300781 20.5 38.800781 3.898438 55.398438 C 3.101562 54.601562 2.398438 53.898438 1.601562 53.101562 C 18.101562 36.5 34.800781 20.101562 51.199219 3.398438 C 34.199219 3.398438 17.101562 3.5 0 3.398438 C 0 2.300781 0 1.199219 0 0 Z M 0 0 \"><\/path><\/g><\/svg>\t\t\t\t\t\t\t\t\t\t\t\t\t\t\t\t\t<\/span>\n\t\t\t\t\t\t\t\t\t\t\t\t\t\t\t\t\t\t\t\t\t\t<span class=\"elementor-button-text\">Send<\/span>\n\t\t\t\t\t\t\t\t\t\t\t\t\t<\/span>\n\t\t\t\t\t<\/button>\n\t\t\t\t<\/div>\n\t\t\t<\/div>\n\t\t<\/form>\n\t\t\t\t\t\t<\/div>\n\t\t\t\t<\/div>\n\t\t\t\t\t<\/div>\n\t\t\t\t<\/div>\n\t\t\t\t<\/div>\n\t\t","protected":false},"excerpt":{"rendered":"<p>YEYKAD | CONTACT YEYKAD Contact ADDRESS: Green Collar Women\u2019s Association Siyavu\u015fpa\u015fa Neighborhood, Gonca Street, No:29B, Ya\u011fmur Apartment, Bah\u00e7elievler\/ISTANBUL Contact Form You can contact us by filling out the form.<\/p>\n","protected":false},"author":1,"featured_media":0,"parent":0,"menu_order":0,"comment_status":"closed","ping_status":"closed","template":"","meta":{"inline_featured_image":false,"footnotes":""},"class_list":["post-80","page","type-page","status-publish","hentry"],"yoast_head":"<!-- This site is optimized with the Yoast SEO plugin v26.1.1 - https:\/\/yoast.com\/wordpress\/plugins\/seo\/ -->\n<title>Contact Yeykad Yeykad<\/title>\n<meta name=\"robots\" content=\"index, follow, max-snippet:-1, max-image-preview:large, max-video-preview:-1\" \/>\n<link rel=\"canonical\" href=\"https:\/\/yeykad.org\/en\/contact\/\" \/>\n<meta property=\"og:locale\" content=\"en_US\" \/>\n<meta property=\"og:type\" content=\"article\" \/>\n<meta property=\"og:title\" content=\"Contact Yeykad Yeykad\" \/>\n<meta property=\"og:description\" content=\"YEYKAD | CONTACT YEYKAD Contact ADDRESS: Green Collar Women\u2019s Association Siyavu\u015fpa\u015fa Neighborhood, Gonca Street, No:29B, Ya\u011fmur Apartment, Bah\u00e7elievler\/ISTANBUL Contact Form You can contact us by filling out the form.\" \/>\n<meta property=\"og:url\" content=\"https:\/\/yeykad.org\/en\/contact\/\" \/>\n<meta property=\"og:site_name\" content=\"Yeykad\" \/>\n<meta property=\"article:modified_time\" content=\"2025-10-24T21:42:09+00:00\" \/>\n<meta name=\"twitter:card\" content=\"summary_large_image\" \/>\n<meta name=\"twitter:label1\" content=\"Est. reading time\" \/>\n\t<meta name=\"twitter:data1\" content=\"1 minute\" \/>\n<script type=\"application\/ld+json\" class=\"yoast-schema-graph\">{\"@context\":\"https:\/\/schema.org\",\"@graph\":[{\"@type\":\"WebPage\",\"@id\":\"https:\/\/yeykad.org\/en\/contact\/\",\"url\":\"https:\/\/yeykad.org\/en\/contact\/\",\"name\":\"Contact Yeykad Yeykad\",\"isPartOf\":{\"@id\":\"https:\/\/yeykad.org\/en\/#website\"},\"primaryImageOfPage\":{\"@id\":\"https:\/\/yeykad.org\/en\/contact\/#primaryimage\"},\"image\":{\"@id\":\"https:\/\/yeykad.org\/en\/contact\/#primaryimage\"},\"thumbnailUrl\":\"https:\/\/yeykad.org\/en\/wp-content\/uploads\/2025\/08\/logow.svg\",\"datePublished\":\"2025-08-15T20:28:24+00:00\",\"dateModified\":\"2025-10-24T21:42:09+00:00\",\"breadcrumb\":{\"@id\":\"https:\/\/yeykad.org\/en\/contact\/#breadcrumb\"},\"inLanguage\":\"en-US\",\"potentialAction\":[{\"@type\":\"ReadAction\",\"target\":[\"https:\/\/yeykad.org\/en\/contact\/\"]}]},{\"@type\":\"ImageObject\",\"inLanguage\":\"en-US\",\"@id\":\"https:\/\/yeykad.org\/en\/contact\/#primaryimage\",\"url\":\"https:\/\/yeykad.org\/en\/wp-content\/uploads\/2025\/08\/logow.svg\",\"contentUrl\":\"https:\/\/yeykad.org\/en\/wp-content\/uploads\/2025\/08\/logow.svg\",\"width\":234,\"height\":64},{\"@type\":\"BreadcrumbList\",\"@id\":\"https:\/\/yeykad.org\/en\/contact\/#breadcrumb\",\"itemListElement\":[{\"@type\":\"ListItem\",\"position\":1,\"name\":\"Anasayfa\",\"item\":\"https:\/\/yeykad.org\/en\/\"},{\"@type\":\"ListItem\",\"position\":2,\"name\":\"Contact\"}]},{\"@type\":\"WebSite\",\"@id\":\"https:\/\/yeykad.org\/en\/#website\",\"url\":\"https:\/\/yeykad.org\/en\/\",\"name\":\"GCWA\",\"description\":\"GCWA | Green Collar Women Association\",\"publisher\":{\"@id\":\"https:\/\/yeykad.org\/en\/#organization\"},\"alternateName\":\"Green Collar Women Association\",\"potentialAction\":[{\"@type\":\"SearchAction\",\"target\":{\"@type\":\"EntryPoint\",\"urlTemplate\":\"https:\/\/yeykad.org\/en\/?s={search_term_string}\"},\"query-input\":{\"@type\":\"PropertyValueSpecification\",\"valueRequired\":true,\"valueName\":\"search_term_string\"}}],\"inLanguage\":\"en-US\"},{\"@type\":\"Organization\",\"@id\":\"https:\/\/yeykad.org\/en\/#organization\",\"name\":\"GCWA | Green Collar Women Association\",\"url\":\"https:\/\/yeykad.org\/en\/\",\"logo\":{\"@type\":\"ImageObject\",\"inLanguage\":\"en-US\",\"@id\":\"https:\/\/yeykad.org\/en\/#\/schema\/logo\/image\/\",\"url\":\"https:\/\/yeykad.org\/en\/wp-content\/uploads\/111.svg\",\"contentUrl\":\"https:\/\/yeykad.org\/en\/wp-content\/uploads\/111.svg\",\"width\":220,\"height\":64,\"caption\":\"GCWA | Green Collar Women Association\"},\"image\":{\"@id\":\"https:\/\/yeykad.org\/en\/#\/schema\/logo\/image\/\"}}]}<\/script>\n<!-- \/ Yoast SEO plugin. -->","yoast_head_json":{"title":"Contact Yeykad Yeykad","robots":{"index":"index","follow":"follow","max-snippet":"max-snippet:-1","max-image-preview":"max-image-preview:large","max-video-preview":"max-video-preview:-1"},"canonical":"https:\/\/yeykad.org\/en\/contact\/","og_locale":"en_US","og_type":"article","og_title":"Contact Yeykad Yeykad","og_description":"YEYKAD | CONTACT YEYKAD Contact ADDRESS: Green Collar Women\u2019s Association Siyavu\u015fpa\u015fa Neighborhood, Gonca Street, No:29B, Ya\u011fmur Apartment, Bah\u00e7elievler\/ISTANBUL Contact Form You can contact us by filling out the form.","og_url":"https:\/\/yeykad.org\/en\/contact\/","og_site_name":"Yeykad","article_modified_time":"2025-10-24T21:42:09+00:00","twitter_card":"summary_large_image","twitter_misc":{"Est. reading time":"1 minute"},"schema":{"@context":"https:\/\/schema.org","@graph":[{"@type":"WebPage","@id":"https:\/\/yeykad.org\/en\/contact\/","url":"https:\/\/yeykad.org\/en\/contact\/","name":"Contact Yeykad Yeykad","isPartOf":{"@id":"https:\/\/yeykad.org\/en\/#website"},"primaryImageOfPage":{"@id":"https:\/\/yeykad.org\/en\/contact\/#primaryimage"},"image":{"@id":"https:\/\/yeykad.org\/en\/contact\/#primaryimage"},"thumbnailUrl":"https:\/\/yeykad.org\/en\/wp-content\/uploads\/2025\/08\/logow.svg","datePublished":"2025-08-15T20:28:24+00:00","dateModified":"2025-10-24T21:42:09+00:00","breadcrumb":{"@id":"https:\/\/yeykad.org\/en\/contact\/#breadcrumb"},"inLanguage":"en-US","potentialAction":[{"@type":"ReadAction","target":["https:\/\/yeykad.org\/en\/contact\/"]}]},{"@type":"ImageObject","inLanguage":"en-US","@id":"https:\/\/yeykad.org\/en\/contact\/#primaryimage","url":"https:\/\/yeykad.org\/en\/wp-content\/uploads\/2025\/08\/logow.svg","contentUrl":"https:\/\/yeykad.org\/en\/wp-content\/uploads\/2025\/08\/logow.svg","width":234,"height":64},{"@type":"BreadcrumbList","@id":"https:\/\/yeykad.org\/en\/contact\/#breadcrumb","itemListElement":[{"@type":"ListItem","position":1,"name":"Anasayfa","item":"https:\/\/yeykad.org\/en\/"},{"@type":"ListItem","position":2,"name":"Contact"}]},{"@type":"WebSite","@id":"https:\/\/yeykad.org\/en\/#website","url":"https:\/\/yeykad.org\/en\/","name":"GCWA","description":"GCWA | Green Collar Women Association","publisher":{"@id":"https:\/\/yeykad.org\/en\/#organization"},"alternateName":"Green Collar Women Association","potentialAction":[{"@type":"SearchAction","target":{"@type":"EntryPoint","urlTemplate":"https:\/\/yeykad.org\/en\/?s={search_term_string}"},"query-input":{"@type":"PropertyValueSpecification","valueRequired":true,"valueName":"search_term_string"}}],"inLanguage":"en-US"},{"@type":"Organization","@id":"https:\/\/yeykad.org\/en\/#organization","name":"GCWA | Green Collar Women Association","url":"https:\/\/yeykad.org\/en\/","logo":{"@type":"ImageObject","inLanguage":"en-US","@id":"https:\/\/yeykad.org\/en\/#\/schema\/logo\/image\/","url":"https:\/\/yeykad.org\/en\/wp-content\/uploads\/111.svg","contentUrl":"https:\/\/yeykad.org\/en\/wp-content\/uploads\/111.svg","width":220,"height":64,"caption":"GCWA | Green Collar Women Association"},"image":{"@id":"https:\/\/yeykad.org\/en\/#\/schema\/logo\/image\/"}}]}},"_links":{"self":[{"href":"https:\/\/yeykad.org\/en\/wp-json\/wp\/v2\/pages\/80","targetHints":{"allow":["GET"]}}],"collection":[{"href":"https:\/\/yeykad.org\/en\/wp-json\/wp\/v2\/pages"}],"about":[{"href":"https:\/\/yeykad.org\/en\/wp-json\/wp\/v2\/types\/page"}],"author":[{"embeddable":true,"href":"https:\/\/yeykad.org\/en\/wp-json\/wp\/v2\/users\/1"}],"replies":[{"embeddable":true,"href":"https:\/\/yeykad.org\/en\/wp-json\/wp\/v2\/comments?post=80"}],"version-history":[{"count":0,"href":"https:\/\/yeykad.org\/en\/wp-json\/wp\/v2\/pages\/80\/revisions"}],"wp:attachment":[{"href":"https:\/\/yeykad.org\/en\/wp-json\/wp\/v2\/media?parent=80"}],"curies":[{"name":"wp","href":"https:\/\/api.w.org\/{rel}","templated":true}]}}