{"id":91,"date":"2025-08-15T23:30:01","date_gmt":"2025-08-15T20:30:01","guid":{"rendered":"https:\/\/yeykad.org\/en\/?page_id=91"},"modified":"2025-10-10T13:33:52","modified_gmt":"2025-10-10T10:33:52","slug":"message-from-the-chair-of-the-board","status":"publish","type":"page","link":"https:\/\/yeykad.org\/en\/message-from-the-chair-of-the-board\/","title":{"rendered":"Message from the Chair of the Board"},"content":{"rendered":"\t\t<div data-elementor-type=\"wp-page\" data-elementor-id=\"91\" class=\"elementor elementor-91\" data-elementor-post-type=\"page\">\n\t\t\t\t<div class=\"elementor-element elementor-element-f963d13 e-con-full e-flex e-con e-parent\" data-id=\"f963d13\" data-element_type=\"container\">\n\t\t<div class=\"elementor-element elementor-element-22409e3 e-con-full e-flex e-con e-child\" data-id=\"22409e3\" data-element_type=\"container\">\n\t\t\t\t<div class=\"elementor-element elementor-element-4db9c9b elementor-invisible elementor-widget elementor-widget-image\" data-id=\"4db9c9b\" data-element_type=\"widget\" data-settings=\"{&quot;sticky&quot;:&quot;top&quot;,&quot;sticky_on&quot;:[&quot;desktop&quot;,&quot;tablet&quot;],&quot;sticky_parent&quot;:&quot;yes&quot;,&quot;sticky_offset_tablet&quot;:100,&quot;_animation&quot;:&quot;slideInLeft&quot;,&quot;sticky_offset&quot;:0,&quot;sticky_effects_offset&quot;:0,&quot;sticky_anchor_link_offset&quot;:0}\" data-widget_type=\"image.default\">\n\t\t\t\t\t\t\t\t\t\t\t\t\t\t\t<img fetchpriority=\"high\" decoding=\"async\" width=\"1000\" height=\"1333\" src=\"https:\/\/yeykad.org\/en\/wp-content\/uploads\/sedef-budak.webp\" class=\"attachment-large size-large wp-image-994\" alt=\"sedef budak\" srcset=\"https:\/\/yeykad.org\/en\/wp-content\/uploads\/sedef-budak.webp 1000w, https:\/\/yeykad.org\/en\/wp-content\/uploads\/sedef-budak-768x1024.webp 768w\" sizes=\"(max-width: 1000px) 100vw, 1000px\" \/>\t\t\t\t\t\t\t\t\t\t\t\t\t\t\t<\/div>\n\t\t\t\t<\/div>\n\t\t<div class=\"elementor-element elementor-element-8c55fea e-con-full e-flex e-con e-child\" data-id=\"8c55fea\" data-element_type=\"container\">\n\t\t\t\t<div class=\"elementor-element elementor-element-3047958 elementor-invisible elementor-widget elementor-widget-heading\" data-id=\"3047958\" data-element_type=\"widget\" data-settings=\"{&quot;_animation&quot;:&quot;fadeInUp&quot;}\" data-widget_type=\"heading.default\">\n\t\t\t\t\t<div class=\"elementor-heading-title elementor-size-default\">MESSAGE FROM THE PRESIDENT<\/div>\t\t\t\t<\/div>\n\t\t\t\t<div class=\"elementor-element elementor-element-1162ea8 elementor-invisible elementor-widget elementor-widget-heading\" data-id=\"1162ea8\" data-element_type=\"widget\" data-settings=\"{&quot;_animation&quot;:&quot;fadeInUp&quot;}\" data-widget_type=\"heading.default\">\n\t\t\t\t\t<h1 class=\"elementor-heading-title elementor-size-default\">Dear Stakeholders, Members, and Partners,<\/h1>\t\t\t\t<\/div>\n\t\t\t\t<div class=\"elementor-element elementor-element-9fc7b6f elementor-widget-divider--view-line elementor-widget elementor-widget-divider\" data-id=\"9fc7b6f\" data-element_type=\"widget\" data-widget_type=\"divider.default\">\n\t\t\t\t\t\t\t<div class=\"elementor-divider\">\n\t\t\t<span class=\"elementor-divider-separator\">\n\t\t\t\t\t\t<\/span>\n\t\t<\/div>\n\t\t\t\t\t\t<\/div>\n\t\t\t\t<div class=\"elementor-element elementor-element-3cf1f82 elementor-invisible elementor-widget elementor-widget-text-editor\" data-id=\"3cf1f82\" data-element_type=\"widget\" data-settings=\"{&quot;_animation&quot;:&quot;fadeInUp&quot;}\" data-widget_type=\"text-editor.default\">\n\t\t\t\t\t\t\t\t\t<p>The transition from the 20th to the 21st century, together with technology, human habits, and revolutionary discoveries and applications, has made us reflect on every step we take to sustain the vital functions of our world.<\/p><p><strong>Our civil society movement, with a seven-year history,<\/strong> continued the success of the Turkish Women in Renewable Energy and Energy Sector Group (also known as TWRE) and, with <strong>the Green-Collar Women\u2019s Association, which we established in June 2022,<\/strong> we took our journey one step further with the same excitement and energy as on the first day.<\/p><p>During the first three years of our association, we became not just a civil society movement but a community that thinks, produces projects inspired by each other, and empowers one another, including both individual and institutional members. Together with engineers, academics, entrepreneurs, and professionals from across Turkey, we worked hand in hand to increase the visibility of women in the energy sector and ensure stronger representation in decision-making processes.<\/p><p>We established communication with sister communities from the United States to Europe and Africa and expanded our impact through the projects we implemented, guiding the leaders of energy transition.<\/p><p>In line with Turkey\u2019s 2035 Energy Transition and 2053 Net-Zero Carbon targets, <strong>placing the climate crisis at the center,<\/strong> we raised public awareness on the legislation to be developed, investments, quality education, equality, inclusivity, the human resources to be trained, and a just transition.<\/p><p><strong>With our 2nd Gender Equality in the Energy Sector Research,<\/strong> we analyzed data from 45,500 employees in the energy production, distribution, and supply chain and determined that, as of 2024, women constitute 23% of the workforce in our sector.<\/p><p>According to a study by the European Central Bank, a 1% increase in the proportion of female managers results in a 0.5% reduction in companies\u2019 carbon emissions. This is not just a statistic; it is a strong indicator of the direct impact of women\u2019s leadership on sustainability performance.<\/p><p><strong>In light of these findings, YEYKAD, in its new term, advocates for fair access to energy, generational equality, and sustainability beyond, promoting nature-friendly production models.<\/strong> Our focus will include reforestation, ecological living, recycling, and similar topics.<\/p><p>Ensuring that <strong>women leaders<\/strong> are fully involved in decision-making processes\u2014from boards of directors to politics\u2014and in companies\u2019 reporting and valuation processes, including sustainability indexes, green bond issuance, and asset management, <strong>is one of our priorities.<\/strong><\/p><p>As green employment grows across all sectors, our goal is to reach more young people in high schools and universities, create a broader impact geographically, expand vocational training to develop needed mid-level professionals, and strengthen public-private-civil society collaborations.<\/p><p>On this path, together with our dear members and valued stakeholders, we will continue to produce unifying projects led by women for a sustainable future.<\/p><p>Sincerely,<br \/>Sedef Budak<br \/>President<\/p>\t\t\t\t\t\t\t\t<\/div>\n\t\t\t\t<div class=\"elementor-element elementor-element-ca8e79e elementor-widget-divider--view-line elementor-widget elementor-widget-divider\" data-id=\"ca8e79e\" data-element_type=\"widget\" data-widget_type=\"divider.default\">\n\t\t\t\t\t\t\t<div class=\"elementor-divider\">\n\t\t\t<span class=\"elementor-divider-separator\">\n\t\t\t\t\t\t<\/span>\n\t\t<\/div>\n\t\t\t\t\t\t<\/div>\n\t\t\t\t<\/div>\n\t\t\t\t<\/div>\n\t\t<div class=\"elementor-element elementor-element-34ce5fa e-con-full e-flex e-con e-parent\" data-id=\"34ce5fa\" data-element_type=\"container\">\n\t\t\t\t<div class=\"elementor-element elementor-element-d06d1b8 elementor-arrows-position-inside elementor-widget elementor-widget-image-carousel\" data-id=\"d06d1b8\" data-element_type=\"widget\" data-settings=\"{&quot;navigation&quot;:&quot;arrows&quot;,&quot;autoplay_speed&quot;:2500,&quot;speed&quot;:1200,&quot;autoplay&quot;:&quot;yes&quot;,&quot;pause_on_hover&quot;:&quot;yes&quot;,&quot;pause_on_interaction&quot;:&quot;yes&quot;,&quot;infinite&quot;:&quot;yes&quot;}\" data-widget_type=\"image-carousel.default\">\n\t\t\t\t\t\t\t<div class=\"elementor-image-carousel-wrapper swiper\" role=\"region\" aria-roledescription=\"carousel\" aria-label=\"Resim D\u00f6ng\u00fcs\u00fc\" dir=\"ltr\">\n\t\t\t<div class=\"elementor-image-carousel swiper-wrapper\" aria-live=\"off\">\n\t\t\t\t\t\t\t\t<div class=\"swiper-slide\" role=\"group\" aria-roledescription=\"slide\" aria-label=\"1 of 8\"><figure class=\"swiper-slide-inner\"><img decoding=\"async\" class=\"swiper-slide-image\" src=\"https:\/\/yeykad.org\/en\/wp-content\/uploads\/sedef-budak1.webp\" alt=\"sedef-budak1\" \/><\/figure><\/div><div class=\"swiper-slide\" role=\"group\" aria-roledescription=\"slide\" aria-label=\"2 of 8\"><figure class=\"swiper-slide-inner\"><img decoding=\"async\" class=\"swiper-slide-image\" src=\"https:\/\/yeykad.org\/en\/wp-content\/uploads\/sedef-budak2.webp\" alt=\"sedef-budak2\" \/><\/figure><\/div><div class=\"swiper-slide\" role=\"group\" aria-roledescription=\"slide\" aria-label=\"3 of 8\"><figure class=\"swiper-slide-inner\"><img decoding=\"async\" class=\"swiper-slide-image\" src=\"https:\/\/yeykad.org\/en\/wp-content\/uploads\/sedef-budak3.webp\" alt=\"sedef-budak3\" \/><\/figure><\/div><div class=\"swiper-slide\" role=\"group\" aria-roledescription=\"slide\" aria-label=\"4 of 8\"><figure class=\"swiper-slide-inner\"><img decoding=\"async\" class=\"swiper-slide-image\" src=\"https:\/\/yeykad.org\/en\/wp-content\/uploads\/sedef-budak4.webp\" alt=\"sedef-budak4\" \/><\/figure><\/div><div class=\"swiper-slide\" role=\"group\" aria-roledescription=\"slide\" aria-label=\"5 of 8\"><figure class=\"swiper-slide-inner\"><img decoding=\"async\" class=\"swiper-slide-image\" src=\"https:\/\/yeykad.org\/en\/wp-content\/uploads\/sedef-budak5.webp\" alt=\"sedef-budak5\" \/><\/figure><\/div><div class=\"swiper-slide\" role=\"group\" aria-roledescription=\"slide\" aria-label=\"6 of 8\"><figure class=\"swiper-slide-inner\"><img decoding=\"async\" class=\"swiper-slide-image\" src=\"https:\/\/yeykad.org\/en\/wp-content\/uploads\/sedef-budak6.webp\" alt=\"sedef-budak6\" \/><\/figure><\/div><div class=\"swiper-slide\" role=\"group\" aria-roledescription=\"slide\" aria-label=\"7 of 8\"><figure class=\"swiper-slide-inner\"><img decoding=\"async\" class=\"swiper-slide-image\" src=\"https:\/\/yeykad.org\/en\/wp-content\/uploads\/sedef-budak7.webp\" alt=\"sedef-budak7\" \/><\/figure><\/div><div class=\"swiper-slide\" role=\"group\" aria-roledescription=\"slide\" aria-label=\"8 of 8\"><figure class=\"swiper-slide-inner\"><img decoding=\"async\" class=\"swiper-slide-image\" src=\"https:\/\/yeykad.org\/en\/wp-content\/uploads\/sedef-budak8.webp\" alt=\"sedef-budak8\" \/><\/figure><\/div>\t\t\t<\/div>\n\t\t\t\t\t\t\t\t\t\t\t\t<div class=\"elementor-swiper-button elementor-swiper-button-prev\" role=\"button\" tabindex=\"0\">\n\t\t\t\t\t\t<svg aria-hidden=\"true\" class=\"e-font-icon-svg e-eicon-chevron-left\" viewBox=\"0 0 1000 1000\" xmlns=\"http:\/\/www.w3.org\/2000\/svg\"><path d=\"M646 125C629 125 613 133 604 142L308 442C296 454 292 471 292 487 292 504 296 521 308 533L604 854C617 867 629 875 646 875 663 875 679 871 692 858 704 846 713 829 713 812 713 796 708 779 692 767L438 487 692 225C700 217 708 204 708 187 708 171 704 154 692 142 675 129 663 125 646 125Z\"><\/path><\/svg>\t\t\t\t\t<\/div>\n\t\t\t\t\t<div class=\"elementor-swiper-button elementor-swiper-button-next\" role=\"button\" tabindex=\"0\">\n\t\t\t\t\t\t<svg aria-hidden=\"true\" class=\"e-font-icon-svg e-eicon-chevron-right\" viewBox=\"0 0 1000 1000\" xmlns=\"http:\/\/www.w3.org\/2000\/svg\"><path d=\"M696 533C708 521 713 504 713 487 713 471 708 454 696 446L400 146C388 133 375 125 354 125 338 125 325 129 313 142 300 154 292 171 292 187 292 204 296 221 308 233L563 492 304 771C292 783 288 800 288 817 288 833 296 850 308 863 321 871 338 875 354 875 371 875 388 867 400 854L696 533Z\"><\/path><\/svg>\t\t\t\t\t<\/div>\n\t\t\t\t\n\t\t\t\t\t\t\t\t\t<\/div>\n\t\t\t\t\t\t<\/div>\n\t\t\t\t<\/div>\n\t\t\t\t<\/div>\n\t\t","protected":false},"excerpt":{"rendered":"<p>MESSAGE FROM THE PRESIDENT Dear Stakeholders, Members, and Partners, The transition from the 20th to the 21st century, together with technology, human habits, and revolutionary discoveries and applications, has made us reflect on every step we take to sustain the vital functions of our world. Our civil society movement, with a seven-year history, continued the [&hellip;]<\/p>\n","protected":false},"author":1,"featured_media":0,"parent":0,"menu_order":0,"comment_status":"closed","ping_status":"closed","template":"","meta":{"inline_featured_image":false,"footnotes":""},"class_list":["post-91","page","type-page","status-publish","hentry"],"yoast_head":"<!-- This site is optimized with the Yoast SEO plugin v26.1.1 - https:\/\/yoast.com\/wordpress\/plugins\/seo\/ -->\n<title>Message from the Chair of the Board Yeykad Yeykad<\/title>\n<meta name=\"robots\" content=\"index, follow, max-snippet:-1, max-image-preview:large, max-video-preview:-1\" \/>\n<link rel=\"canonical\" href=\"https:\/\/yeykad.org\/en\/message-from-the-chair-of-the-board\/\" \/>\n<meta property=\"og:locale\" content=\"en_US\" \/>\n<meta property=\"og:type\" content=\"article\" \/>\n<meta property=\"og:title\" content=\"Message from the Chair of the Board Yeykad Yeykad\" \/>\n<meta property=\"og:description\" content=\"MESSAGE FROM THE PRESIDENT Dear Stakeholders, Members, and Partners, The transition from the 20th to the 21st century, together with technology, human habits, and revolutionary discoveries and applications, has made us reflect on every step we take to sustain the vital functions of our world. Our civil society movement, with a seven-year history, continued the [&hellip;]\" \/>\n<meta property=\"og:url\" content=\"https:\/\/yeykad.org\/en\/message-from-the-chair-of-the-board\/\" \/>\n<meta property=\"og:site_name\" content=\"Yeykad\" \/>\n<meta property=\"article:modified_time\" content=\"2025-10-10T10:33:52+00:00\" \/>\n<meta property=\"og:image\" content=\"https:\/\/yeykad.org\/en\/wp-content\/uploads\/sedef-budak.webp\" \/>\n<meta name=\"twitter:card\" content=\"summary_large_image\" \/>\n<meta name=\"twitter:label1\" content=\"Est. reading time\" \/>\n\t<meta name=\"twitter:data1\" content=\"2 minutes\" \/>\n<script type=\"application\/ld+json\" class=\"yoast-schema-graph\">{\"@context\":\"https:\/\/schema.org\",\"@graph\":[{\"@type\":\"WebPage\",\"@id\":\"https:\/\/yeykad.org\/en\/message-from-the-chair-of-the-board\/\",\"url\":\"https:\/\/yeykad.org\/en\/message-from-the-chair-of-the-board\/\",\"name\":\"Message from the Chair of the Board Yeykad Yeykad\",\"isPartOf\":{\"@id\":\"https:\/\/yeykad.org\/en\/#website\"},\"primaryImageOfPage\":{\"@id\":\"https:\/\/yeykad.org\/en\/message-from-the-chair-of-the-board\/#primaryimage\"},\"image\":{\"@id\":\"https:\/\/yeykad.org\/en\/message-from-the-chair-of-the-board\/#primaryimage\"},\"thumbnailUrl\":\"https:\/\/yeykad.org\/en\/wp-content\/uploads\/sedef-budak.webp\",\"datePublished\":\"2025-08-15T20:30:01+00:00\",\"dateModified\":\"2025-10-10T10:33:52+00:00\",\"breadcrumb\":{\"@id\":\"https:\/\/yeykad.org\/en\/message-from-the-chair-of-the-board\/#breadcrumb\"},\"inLanguage\":\"en-US\",\"potentialAction\":[{\"@type\":\"ReadAction\",\"target\":[\"https:\/\/yeykad.org\/en\/message-from-the-chair-of-the-board\/\"]}]},{\"@type\":\"ImageObject\",\"inLanguage\":\"en-US\",\"@id\":\"https:\/\/yeykad.org\/en\/message-from-the-chair-of-the-board\/#primaryimage\",\"url\":\"https:\/\/yeykad.org\/en\/wp-content\/uploads\/sedef-budak.webp\",\"contentUrl\":\"https:\/\/yeykad.org\/en\/wp-content\/uploads\/sedef-budak.webp\",\"width\":1000,\"height\":1333,\"caption\":\"sedef budak\"},{\"@type\":\"BreadcrumbList\",\"@id\":\"https:\/\/yeykad.org\/en\/message-from-the-chair-of-the-board\/#breadcrumb\",\"itemListElement\":[{\"@type\":\"ListItem\",\"position\":1,\"name\":\"Anasayfa\",\"item\":\"https:\/\/yeykad.org\/en\/\"},{\"@type\":\"ListItem\",\"position\":2,\"name\":\"Message from the Chair of the Board\"}]},{\"@type\":\"WebSite\",\"@id\":\"https:\/\/yeykad.org\/en\/#website\",\"url\":\"https:\/\/yeykad.org\/en\/\",\"name\":\"GCWA\",\"description\":\"GCWA | Green Collar Women Association\",\"publisher\":{\"@id\":\"https:\/\/yeykad.org\/en\/#organization\"},\"alternateName\":\"Green Collar Women Association\",\"potentialAction\":[{\"@type\":\"SearchAction\",\"target\":{\"@type\":\"EntryPoint\",\"urlTemplate\":\"https:\/\/yeykad.org\/en\/?s={search_term_string}\"},\"query-input\":{\"@type\":\"PropertyValueSpecification\",\"valueRequired\":true,\"valueName\":\"search_term_string\"}}],\"inLanguage\":\"en-US\"},{\"@type\":\"Organization\",\"@id\":\"https:\/\/yeykad.org\/en\/#organization\",\"name\":\"GCWA | Green Collar Women Association\",\"url\":\"https:\/\/yeykad.org\/en\/\",\"logo\":{\"@type\":\"ImageObject\",\"inLanguage\":\"en-US\",\"@id\":\"https:\/\/yeykad.org\/en\/#\/schema\/logo\/image\/\",\"url\":\"https:\/\/yeykad.org\/en\/wp-content\/uploads\/111.svg\",\"contentUrl\":\"https:\/\/yeykad.org\/en\/wp-content\/uploads\/111.svg\",\"width\":220,\"height\":64,\"caption\":\"GCWA | Green Collar Women Association\"},\"image\":{\"@id\":\"https:\/\/yeykad.org\/en\/#\/schema\/logo\/image\/\"}}]}<\/script>\n<!-- \/ Yoast SEO plugin. -->","yoast_head_json":{"title":"Message from the Chair of the Board Yeykad Yeykad","robots":{"index":"index","follow":"follow","max-snippet":"max-snippet:-1","max-image-preview":"max-image-preview:large","max-video-preview":"max-video-preview:-1"},"canonical":"https:\/\/yeykad.org\/en\/message-from-the-chair-of-the-board\/","og_locale":"en_US","og_type":"article","og_title":"Message from the Chair of the Board Yeykad Yeykad","og_description":"MESSAGE FROM THE PRESIDENT Dear Stakeholders, Members, and Partners, The transition from the 20th to the 21st century, together with technology, human habits, and revolutionary discoveries and applications, has made us reflect on every step we take to sustain the vital functions of our world. Our civil society movement, with a seven-year history, continued the [&hellip;]","og_url":"https:\/\/yeykad.org\/en\/message-from-the-chair-of-the-board\/","og_site_name":"Yeykad","article_modified_time":"2025-10-10T10:33:52+00:00","og_image":[{"url":"https:\/\/yeykad.org\/en\/wp-content\/uploads\/sedef-budak.webp","type":"","width":"","height":""}],"twitter_card":"summary_large_image","twitter_misc":{"Est. reading time":"2 minutes"},"schema":{"@context":"https:\/\/schema.org","@graph":[{"@type":"WebPage","@id":"https:\/\/yeykad.org\/en\/message-from-the-chair-of-the-board\/","url":"https:\/\/yeykad.org\/en\/message-from-the-chair-of-the-board\/","name":"Message from the Chair of the Board Yeykad Yeykad","isPartOf":{"@id":"https:\/\/yeykad.org\/en\/#website"},"primaryImageOfPage":{"@id":"https:\/\/yeykad.org\/en\/message-from-the-chair-of-the-board\/#primaryimage"},"image":{"@id":"https:\/\/yeykad.org\/en\/message-from-the-chair-of-the-board\/#primaryimage"},"thumbnailUrl":"https:\/\/yeykad.org\/en\/wp-content\/uploads\/sedef-budak.webp","datePublished":"2025-08-15T20:30:01+00:00","dateModified":"2025-10-10T10:33:52+00:00","breadcrumb":{"@id":"https:\/\/yeykad.org\/en\/message-from-the-chair-of-the-board\/#breadcrumb"},"inLanguage":"en-US","potentialAction":[{"@type":"ReadAction","target":["https:\/\/yeykad.org\/en\/message-from-the-chair-of-the-board\/"]}]},{"@type":"ImageObject","inLanguage":"en-US","@id":"https:\/\/yeykad.org\/en\/message-from-the-chair-of-the-board\/#primaryimage","url":"https:\/\/yeykad.org\/en\/wp-content\/uploads\/sedef-budak.webp","contentUrl":"https:\/\/yeykad.org\/en\/wp-content\/uploads\/sedef-budak.webp","width":1000,"height":1333,"caption":"sedef budak"},{"@type":"BreadcrumbList","@id":"https:\/\/yeykad.org\/en\/message-from-the-chair-of-the-board\/#breadcrumb","itemListElement":[{"@type":"ListItem","position":1,"name":"Anasayfa","item":"https:\/\/yeykad.org\/en\/"},{"@type":"ListItem","position":2,"name":"Message from the Chair of the Board"}]},{"@type":"WebSite","@id":"https:\/\/yeykad.org\/en\/#website","url":"https:\/\/yeykad.org\/en\/","name":"GCWA","description":"GCWA | Green Collar Women Association","publisher":{"@id":"https:\/\/yeykad.org\/en\/#organization"},"alternateName":"Green Collar Women Association","potentialAction":[{"@type":"SearchAction","target":{"@type":"EntryPoint","urlTemplate":"https:\/\/yeykad.org\/en\/?s={search_term_string}"},"query-input":{"@type":"PropertyValueSpecification","valueRequired":true,"valueName":"search_term_string"}}],"inLanguage":"en-US"},{"@type":"Organization","@id":"https:\/\/yeykad.org\/en\/#organization","name":"GCWA | Green Collar Women Association","url":"https:\/\/yeykad.org\/en\/","logo":{"@type":"ImageObject","inLanguage":"en-US","@id":"https:\/\/yeykad.org\/en\/#\/schema\/logo\/image\/","url":"https:\/\/yeykad.org\/en\/wp-content\/uploads\/111.svg","contentUrl":"https:\/\/yeykad.org\/en\/wp-content\/uploads\/111.svg","width":220,"height":64,"caption":"GCWA | Green Collar Women Association"},"image":{"@id":"https:\/\/yeykad.org\/en\/#\/schema\/logo\/image\/"}}]}},"_links":{"self":[{"href":"https:\/\/yeykad.org\/en\/wp-json\/wp\/v2\/pages\/91","targetHints":{"allow":["GET"]}}],"collection":[{"href":"https:\/\/yeykad.org\/en\/wp-json\/wp\/v2\/pages"}],"about":[{"href":"https:\/\/yeykad.org\/en\/wp-json\/wp\/v2\/types\/page"}],"author":[{"embeddable":true,"href":"https:\/\/yeykad.org\/en\/wp-json\/wp\/v2\/users\/1"}],"replies":[{"embeddable":true,"href":"https:\/\/yeykad.org\/en\/wp-json\/wp\/v2\/comments?post=91"}],"version-history":[{"count":0,"href":"https:\/\/yeykad.org\/en\/wp-json\/wp\/v2\/pages\/91\/revisions"}],"wp:attachment":[{"href":"https:\/\/yeykad.org\/en\/wp-json\/wp\/v2\/media?parent=91"}],"curies":[{"name":"wp","href":"https:\/\/api.w.org\/{rel}","templated":true}]}}